{"id":2665,"date":"2025-06-12T09:50:55","date_gmt":"2025-06-12T07:50:55","guid":{"rendered":"https:\/\/mabp.de\/privacy-policy\/"},"modified":"2026-02-23T18:48:11","modified_gmt":"2026-02-23T17:48:11","slug":"privacy-policy","status":"publish","type":"page","link":"https:\/\/mabp.de\/en\/privacy-policy\/","title":{"rendered":"Privacy policy"},"content":{"rendered":"&#13;\n<h1 class=\"wp-block-heading\"><strong>Privacy policy \/ information according to Art. 13 GDPR<\/strong><\/h1>&#13;\n<p>Wir freuen uns \u00fcber Ihr Interesse an unserer Webseite. Der Schutz Ihrer Privatsph\u00e4re ist f\u00fcr uns sehr wichtig. Nachstehend informieren wir Sie ausf\u00fchrlich \u00fcber den Umgang mit Ihren Daten. (Stand: 22. Mai 2018)<br\/><br\/>Information \u00fcber die Erhebung personenbezogener Daten:<br\/>Im Folgenden informieren wir \u00fcber die Erhebung personenbezogener Daten bei Nutzung unserer Website. Personenbezogene Daten sind alle Daten, die auf Sie pers\u00f6nlich beziehbar sind, z. B. Name, Adresse, E-Mail-Adressen, Nutzerverhalten.<br\/><br\/>Verantwortlicher gem. Art. 4 Abs. 7 EU-Datenschutz-Grundverordnung (DS-GVO) ist die Gemeinde Hallbergmoos, vertreten durch den Ersten B\u00fcrgermeister Benjamin Henn\u00a0Rathausplatz 1, 85399 Hallbergmoos, E-Mail: buergermeister@hallbergmoos.de.<br\/><br\/>Ihre Fragen und Anregungen zum Thema Datenschutz sind uns sehr willkommen und wichtig. Sie k\u00f6nnen uns jederzeit gerne kontaktieren. Unseren Datenschutzbeauftragten (DSB) erreichen Sie unter datenschutz@hallbergmoos.de oder unserer Postadresse mit dem Zusatz &#8220;Datenschutzbeauftragter&#8221;. Die sicher Kontaktaufnahme ist via De-Mail an poststelle@hallbergmoos.de-mail.de m\u00f6glich.<br\/><br\/>Falls wir f\u00fcr einzelne Funktionen unseres Angebots auf beauftragte Dienstleister zur\u00fcckgreifen oder Ihre Daten f\u00fcr werbliche Zwecke nutzen m\u00f6chten, werden wir Sie untenstehend im Detail \u00fcber die jeweiligen Vorg\u00e4nge informieren. Dabei nennen wir auch die festgelegten Kriterien der Speicherdauer.<br\/><br\/><strong>Ihre Rechte:<\/strong><br\/>Sie haben gegen\u00fcber uns folgende Rechte hinsichtlich der Sie betreffenden personenbezogenen Daten:<br\/><br\/>Recht auf Auskunft,<br\/>Recht auf Berichtigung oder L\u00f6schung,<br\/>Recht auf Einschr\u00e4nkung der Verarbeitung,<br\/>Recht auf Widerspruch gegen die Verarbeitung,<br\/>Recht auf Daten\u00fcbertragbarkeit.<br\/><br\/>Sie haben zudem das Recht, sich bei einer Datenschutz-Aufsichtsbeh\u00f6rde \u00fcber die Verarbeitung Ihrer personenbezogenen Daten durch uns zu beschweren (\u00dcbersicht der Aufsichtsbeh\u00f6rden in Deutschland)<br\/>https:\/\/www.bfdi.bund.de\/DE\/Infothek\/Anschriften_Links\/anschriften_links-node.html.<br\/><br\/><strong>Widerruf Ihrer Einwilligung zur Datenverarbeitung:<\/strong><br\/>Viele Datenverarbeitungsvorg\u00e4nge sind nur mit Ihrer ausdr\u00fccklichen Einwilligung m\u00f6glich. Sie k\u00f6nnen eine bereits erteilte Einwilligung jederzeit widerrufen. Dazu reicht eine formlose Mitteilung per E-Mail an uns. Die Rechtm\u00e4\u00dfigkeit der bis zum Widerruf erfolgten Datenverarbeitung bleibt vom Widerruf unber\u00fchrt.<br\/><br\/><strong>Erhebung personenbezogener Daten bei Besuch unserer Website:<\/strong><br\/>Bei der blo\u00df informatorischen Nutzung der Website, also wenn Sie sich nicht registrieren oder uns anderweitig Informationen \u00fcbermitteln, erheben wir nur die personenbezogenen Daten, die Ihr Browser an unseren Server \u00fcbermittelt. Wenn Sie unsere Website betrachten m\u00f6chten, erheben wir die folgenden Daten, die f\u00fcr uns technisch erforderlich sind, um Ihnen unsere Website anzuzeigen und die Stabilit\u00e4t und Sicherheit zu gew\u00e4hrleisten (Rechtsgrundlage ist Art. 6 Abs. 1 S. 1 lit. f DS-GVO):<br\/><br\/>IP-Adresse<br\/>Datum und Uhrzeit der Anfrage<br\/>Zeitzonendifferenz zur Greenwich Mean Time (GMT)<br\/>Inhalt der Anforderung (konkrete Seite)<br\/>Zugriffsstatus\/HTTP-Statuscode<br\/>jeweils \u00fcbertragene Datenmenge<br\/>Website, von der die Anforderung kommt<br\/>Browser<br\/>Betriebssystem und dessen Oberfl\u00e4che<br\/>Sprache und Version der Browsersoftware.<br\/><br\/>Die Dauer der Speicherung betr\u00e4gt 14 Tage. Anschlie\u00dfend werden diese Daten gel\u00f6scht.<br\/><br\/><strong>Allgemeine rechtliche Informationen:<\/strong><br\/>Wir verweisen gelegentlich auf die Webseiten Dritter. Obwohl wir diese Dritten sorgf\u00e4ltig aussuchen, k\u00f6nnen wir keine Gew\u00e4hr und Haftung f\u00fcr die Richtigkeit bzw. Vollst\u00e4ndigkeit der Inhalte und die Datensicherheit von Websites Dritter \u00fcbernehmen. Auch gilt diese Datenschutzerkl\u00e4rung nicht f\u00fcr verlinkte Webseiten Dritter. Soweit mit der Nutzung der Internetseiten anderer Anbieter die Erhebung, Verarbeitung oder Nutzung personenbezogener Daten verbunden ist, beachten Sie bitte die Datenschutzhinweise der jeweiligen Anbieter.<br\/><br\/>Alle auf dieser Website enthaltenen Informationen wurden mit gro\u00dfer Sorgfalt gepr\u00fcft. Wir \u00fcbernehmen jedoch keine Gew\u00e4hr daf\u00fcr, dass die Inhalte unserer eigenen Webseiten jederzeit korrekt, vollst\u00e4ndig und auf dem neuesten Stand sind.<br\/><br\/><strong>Informationen zur Datensicherheit:<\/strong><br\/>Wir sichern unsere Webseite und sonstigen Systeme durch technische und organisatorische Ma\u00dfnahmen gegen Verlust, Zerst\u00f6rung, Zugriff, Ver\u00e4nderung oder Verbreitung Ihrer Daten durch unbefugte Personen. Trotz regelm\u00e4\u00dfiger Kontrollen ist ein vollst\u00e4ndiger Schutz gegen alle Gefahren jedoch nicht m\u00f6glich.<br\/><br\/><strong>Hinweise zur Verwendung des Kontaktformulars:<\/strong><br\/>Ihre Daten werden noch vor dem Absenden noch nicht verschl\u00fcsselt &#8211; unberechtigte Dritte k\u00f6nnten diese deshalb auf dem Transportweg lesen. Sollten Sie dieses Formular nicht nutzen wollen, k\u00f6nnen Sie uns nat\u00fcrlich auch eine Mitteilung per Briefpost oder per (verschl\u00fcsselter) De-Mail an poststelle@hallbergmoos.de-mail.de zukommen lassen.<br\/><br\/>Bitte beachten Sie, dass die mit Pflichtfeld gekennzeichneten Felder dieses Formulars Pflichtangaben sind, die f\u00fcr eine Bearbeitung Ihrer Anfrage erforderlich sind. Wir m\u00f6chten Sie darauf hinweisen, dass Sie sich mit dem Absenden des Formular einverstanden erkl\u00e4ren, dass wir Ihre personenbezogenen Daten (Ihre E-Mail-Adresse, Ihr Name und ggfls. Ihre Telefonnummer) im Rahmen der Bearbeitung automatisiert f\u00fcr den Zweck der Anfragebehandlung verarbeiten. Diese Daten geben wir nicht ohne Ihre Einwilligung weiter. Die in diesem Zusammenhang anfallenden Daten l\u00f6schen wir, nachdem die Speicherung nicht mehr erforderlich ist, oder schr\u00e4nken die Verarbeitung ein, falls gesetzliche Aufbewahrungspflichten bestehen. Bitte beachten Sie, dass das Versenden Ihrer Anfrage etwas Zeit in Anspruch nehmen kann. Warten Sie daher bitte ab bis der \u00dcbertragungsvorgang erfolgreich abgeschlossen ist. Dies wird Ihnen best\u00e4tigt.<br\/><br\/>Die Verarbeitung der in das Kontaktformular eingegebenen Daten erfolgt ausschlie\u00dflich auf Grundlage Ihrer Einwilligung (Art. 6 Abs. 1 lit. a DSGVO). Sie k\u00f6nnen diese Einwilligung jederzeit widerrufen. Dazu reicht eine formlose Mitteilung per E-Mail an uns. Die Rechtm\u00e4\u00dfigkeit der bis zum Widerruf erfolgten Datenverarbeitungsvorg\u00e4nge bleibt vom Widerruf unber\u00fchrt.<br\/><br\/><strong>Verwendung von Cookies:<\/strong><br\/>Cookies sind kleine Textdateien, die auf dem PC des Internet-Nutzers abgelegt werden. Zweck ist z.B. die Steuerung der Verbindung w\u00e4hrend Ihres Besuchs auf Webseiten. Sie beinhalten rein technische Informationen, keine pers\u00f6nlichen Daten. \u00dcber die verwendeten Cookies werden Sie auch untenstehend im Detail im Rahmen der jeweiligen Vorg\u00e4nge informiert. Dar\u00fcber hinaus enthalten unsere Cookies folgende Datens\u00e4tze:<br\/><br\/>PHPSESSID, Session-ID, wird zum Ende der Sitzung gel\u00f6scht<br\/>cb-enabled, Best\u00e4tigung des Cookie-Hinweises, wird nach Ablauf eines Jahres gel\u00f6scht<br\/><br\/><strong>Verwendung von Google Maps:<\/strong><br\/>Diese Website benutzt Google Maps zur Darstellung eines Lageplanes. Google Maps wird von Google Inc., 1600 Amphitheatre Parkway, Mountain View, CA 94043, USA betrieben. Durch die Nutzung dieser Website erkl\u00e4ren Sie sich mit der Erfassung, Bearbeitung sowie der Nutzung der automatisch erhobenen sowie der von Ihnen eingegeben Daten durch Google, einer seiner Vertreter, oder Drittanbieter einverstanden.<br\/><br\/><strong>Verwendung von Google Fonts:<\/strong><br\/>Auf diesen Internetseiten werden externe Schriften, Google Fonts verwendet. Google Fonts ist ein Dienst der Google Inc. (&#8220;Google&#8221;). Die Einbindung dieser Web Fonts erfolgt durch einen Serveraufruf, in der Regel ein Server von Google in den USA. Hierdurch wird an den Server \u00fcbermittelt, welche unserer Internetseiten Sie besucht haben. Auch wird die IP-Adresse des Browsers des Endger\u00e4tes des Besuchers dieser Internetseiten von Google gespeichert. N\u00e4here Informationen finden Sie in den Datenschutzhinweisen von Google, die Sie hier abrufen k\u00f6nnen:<br\/><br\/><a href=\"https:\/\/fonts.google.com\/about#\" target=\"_blank\" rel=\"noopener\">https:\/\/fonts.google.com\/about#<\/a><br\/><a href=\"https:\/\/www.google.com\/policies\/privacy\/\" target=\"_blank\" rel=\"noopener\">www.google.com\/policies\/privacy\/<\/a><br\/><br\/><strong>Verwendung von Vimeo Videos:<\/strong><br\/>Die Seite kann Videos der Plattform Vimeo beinhalten. Vimeo wird von Vimeo Inc., Attention: Legal Department, 555 West 18th Street New York, New York 10011, USA betrieben. Die Video-Plattform kann ihrerseits Google Analytics einsetzen. In diesem Zusammenhang bitten wir Sie die Datenschutzhinweise unter<span>\u00a0<\/span><a href=\"https:\/\/vimeo.com\/privacy\" target=\"_blank\" rel=\"noopener\">https:\/\/vimeo.com\/privacy<\/a><span>\u00a0<\/span>zu beachten.<\/p>&#13;\n<p>\u00a0<\/p>&#13;\n<p><strong>Verwendung von Facebook Social Plugins<\/strong><\/p>&#13;\n<p>Unsere Webseite verwendet Social Plugins (&#8220;Plugins&#8221;) des sozialen Netzwerkes facebook.com.<\/p>&#13;\n<p>\u00a0<\/p>&#13;\n<p>Wenn ein Nutzer eine Webseite dieses Angebots aufruft, die ein solches Plugin enth\u00e4lt, baut sein Browser eine direkte Verbindung mit den Servern von Facebook auf. Der Inhalt des Plugins wird von Facebook direkt an Ihren Browser \u00fcbermittelt und von diesem in die Webseite eingebunden. Der Anbieter hat daher keinen Einfluss auf den Umfang der Daten, die Facebook mit Hilfe dieses Plugins erhebt und informiert die Nutzer daher entsprechend seinem Kenntnisstand:<\/p>&#13;\n<p>\u00a0<\/p>&#13;\n<p>Durch die Einbindung der Plugins erh\u00e4lt Facebook die Information, dass ein Nutzer die entsprechende Seite des Angebots aufgerufen hat. Ist der Nutzer bei Facebook eingeloggt, kann Facebook den Besuch seinem Facebook-Konto zuordnen. Wenn Nutzer mit den Plugins interagieren, zum Beispiel den Like Button bet\u00e4tigen oder einen Kommentar abgeben, wird die entsprechende Information von Ihrem Browser direkt an Facebook \u00fcbermittelt und dort gespeichert. Falls ein Nutzer kein Mitglied von Facebook ist, besteht trotzdem die M\u00f6glichkeit, dass Facebook seine IP-Adresse in Erfahrung bringt und speichert. Laut Facebook wird in Deutschland nur eine anonymisierte IP-Adresse gespeichert.<\/p>&#13;\n<p>\u00a0<\/p>&#13;\n<p>Zweck und Umfang der Datenerhebung und die weitere Verarbeitung und Nutzung der Daten durch Facebook sowie die diesbez\u00fcglichen Rechte und Einstellungsm\u00f6glichkeiten zum Schutz der Privatsph\u00e4re der Nutzer , k\u00f6nnen diese den Datenschutzhinweisen von Facebook entnehmen:\u00a0<a href=\"https:\/\/www.facebook.com\/about\/privacy\/\">https:\/\/www.facebook.com\/about\/privacy\/<\/a>.<\/p>&#13;\n<p>\u00a0<\/p>&#13;\n<p>Wenn ein Nutzer Facebookmitglied ist und nicht m\u00f6chte, dass Facebook \u00fcber dieses Angebot Daten \u00fcber ihn sammelt und mit seinen bei Facebook gespeicherten Mitgliedsdaten verkn\u00fcpft, muss er sich vor dem Besuch des Internetauftritts bei Facebook ausloggen. Weitere Einstellungen und Widerspr\u00fcche zur Nutzung von Daten f\u00fcr Werbezwecke, sind innerhalb der Facebook-Profileinstellungen m\u00f6glich:\u00a0<a href=\"https:\/\/www.facebook.com\/settings?tab=ads\">https:\/\/www.facebook.com\/settings?tab=ads<\/a>.<\/p>&#13;\n<p>\u00a0<\/p>&#13;\n<p><strong>Twitter<\/strong><\/p>&#13;\n<p>Unsere Webseite verwendet Social Plugins (&#8220;Plugins&#8221;) des Dienstes Twitter. Mit Hilfe der Schaltfl\u00e4chen ist es m\u00f6glich einen Beitrag oder Seite dieses Angebotes bei Twitter zu teilen oder dem Anbieter bei Twitter zu folgen.<\/p>&#13;\n<p>\u00a0<\/p>&#13;\n<p>Wenn ein Nutzer eine Webseite dieses Internetauftritts aufruft, die einen solchen Button enth\u00e4lt, baut sein Browser eine direkte Verbindung mit den Servern von Twitter auf. Der Inhalt des Twitter-Schaltfl\u00e4chen wird von Twitter direkt an den Browser des Nutzers \u00fcbermittelt. Der Anbieter hat daher keinen Einfluss auf den Umfang der Daten, die Twitter mit Hilfe dieses Plugins erhebt und informiert die Nutzer entsprechend seinem Kenntnisstand. Nach diesem wird lediglich die IP-Adresse des Nutzers die URL der jeweiligen Webseite beim Bezug des Buttons mit \u00fcbermittelt, aber nicht f\u00fcr andere Zwecke, als die Darstellung des Buttons, genutzt.<\/p>&#13;\n<p>Weitere Informationen hierzu finden sich in der Datenschutzerkl\u00e4rung von Twitter unter\u00a0<a href=\"http:\/\/twitter.com\/privacy\">http:\/\/twitter.com\/privacy<\/a>.<\/p>&#13;\n<p><br\/><strong>Verschl\u00fcsselung:<\/strong><br\/>Informationen, die Sie unverschl\u00fcsselt per Elektronische Post (E-Mail) an uns senden, k\u00f6nnen m\u00f6glicherweise auf dem \u00dcbertragungsweg von Dritten gelesen werden. Wir k\u00f6nnen in der Regel auch Ihre Identit\u00e4t nicht \u00fcberpr\u00fcfen und wissen nicht, wer sich hinter einer E-Mail-Adresse verbirgt. Eine rechtssichere Kommunikation durch einfache E-Mail ist daher nicht gew\u00e4hrleistet. Wir setzen \u2013 wie viele E-Mail-Anbieter \u2013 Filter gegen unerw\u00fcnschte Werbung (SPAM-Filter) ein, die in seltenen F\u00e4llen auch normale E-Mails f\u00e4lschlicherweise automatisch als unerw\u00fcnschte Werbung einordnen und l\u00f6schen k\u00f6nnen. E-Mails, die sch\u00e4digende Programme (Viren) enthalten, werden von uns in jedem Fall automatisch gel\u00f6scht.<br\/><br\/>Wenn Sie schutzw\u00fcrdige Nachrichten an uns senden wollen, empfehlen wir diese per DE-Mail zu senden, um eine unbefugte Kenntnisnahme und Verf\u00e4lschung auf dem \u00dcbertragungsweg zu verhindern, oder die Nachricht auf konventionellem Postwege an uns zu senden.<br\/>Diese k\u00f6nnen Sie mittels De-Mail an<span>\u00a0<\/span><a href=\"mailto:poststelle@hallbergmoos.de-mail.de\">poststelle@hallbergmoos.de-mail.de<\/a><span>\u00a0<\/span>schicken.<br\/><br\/>Sollten wir eine &#8220;normale&#8221; E-Mail von Ihnen erhalten, so gehen wir davon aus, dass wir zu einer Beantwortung per E-Mail berechtigt sind. Ansonsten m\u00fcssen Sie uns ausdr\u00fccklich die Art der gew\u00fcnschten Kommunikation mitteilen.<br\/><br\/><strong>Ansprechpartner und weitere Informationen:<\/strong><br\/>Wenn Sie weitere Fragen zum Datenschutz im Zusammenhang mit dieser Internetseite haben, wenden Sie sich bitte ebenfalls an den Datenschutzbeauftragten der Gemeinde Hallbergmoos:<span>\u00a0<\/span><a href=\"mailto:datenschutz@hallbergmoos.de\">datenschutz@hallbergmoos.de<\/a><\/p>","protected":false},"excerpt":{"rendered":"<p>&#13; Privacy policy \/ information according to Art. 13 GDPR &#13; Wir freuen uns \u00fcber Ihr Interesse an unserer Webseite. Der Schutz Ihrer Privatsph\u00e4re ist f\u00fcr uns sehr wichtig. Nachstehend informieren wir Sie ausf\u00fchrlich \u00fcber den Umgang mit Ihren Daten. (Stand: 22. Mai 2018) Information \u00fcber die Erhebung personenbezogener Daten:Im Folgenden informieren wir \u00fcber die&#8230;<\/p>\n","protected":false},"author":1,"featured_media":0,"parent":0,"menu_order":0,"comment_status":"closed","ping_status":"open","template":"","meta":{"_acf_changed":false,"footnotes":""},"class_list":["post-2665","page","type-page","status-publish","hentry"],"acf":[],"yoast_head":"<!-- This site is optimized with the Yoast SEO plugin v27.4 - https:\/\/yoast.com\/product\/yoast-seo-wordpress\/ -->\n<title>Privacy policy - MABP | Munich Airport Business Park<\/title>\n<meta name=\"robots\" content=\"index, follow, max-snippet:-1, max-image-preview:large, max-video-preview:-1\" \/>\n<link rel=\"canonical\" href=\"https:\/\/mabp.de\/datenschutzerklaerung\/\" \/>\n<meta property=\"og:locale\" content=\"en_US\" \/>\n<meta property=\"og:type\" content=\"article\" \/>\n<meta property=\"og:title\" content=\"Privacy policy - MABP | Munich Airport Business Park\" \/>\n<meta property=\"og:description\" content=\"&#013; Privacy policy \/ information according to Art. 13 GDPR &#013; Wir freuen uns \u00fcber Ihr Interesse an unserer Webseite. Der Schutz Ihrer Privatsph\u00e4re ist f\u00fcr uns sehr wichtig. Nachstehend informieren wir Sie ausf\u00fchrlich \u00fcber den Umgang mit Ihren Daten. (Stand: 22. Mai 2018) Information \u00fcber die Erhebung personenbezogener Daten:Im Folgenden informieren wir \u00fcber die...\" \/>\n<meta property=\"og:url\" content=\"https:\/\/mabp.de\/datenschutzerklaerung\/\" \/>\n<meta property=\"og:site_name\" content=\"MABP | Munich Airport Business Park\" \/>\n<meta property=\"article:modified_time\" content=\"2026-02-23T17:48:11+00:00\" \/>\n<meta name=\"twitter:card\" content=\"summary_large_image\" \/>\n<meta name=\"twitter:label1\" content=\"Est. reading time\" \/>\n\t<meta name=\"twitter:data1\" content=\"9 minutes\" \/>\n<script type=\"application\/ld+json\" class=\"yoast-schema-graph\">{\"@context\":\"https:\\\/\\\/schema.org\",\"@graph\":[{\"@type\":\"WebPage\",\"@id\":\"https:\\\/\\\/mabp.de\\\/datenschutzerklaerung\\\/\",\"url\":\"https:\\\/\\\/mabp.de\\\/datenschutzerklaerung\\\/\",\"name\":\"Privacy policy - MABP | Munich Airport Business Park\",\"isPartOf\":{\"@id\":\"https:\\\/\\\/mabp.de\\\/#website\"},\"datePublished\":\"2025-06-12T07:50:55+00:00\",\"dateModified\":\"2026-02-23T17:48:11+00:00\",\"breadcrumb\":{\"@id\":\"https:\\\/\\\/mabp.de\\\/datenschutzerklaerung\\\/#breadcrumb\"},\"inLanguage\":\"en-US\",\"potentialAction\":[{\"@type\":\"ReadAction\",\"target\":[\"https:\\\/\\\/mabp.de\\\/datenschutzerklaerung\\\/\"]}]},{\"@type\":\"BreadcrumbList\",\"@id\":\"https:\\\/\\\/mabp.de\\\/datenschutzerklaerung\\\/#breadcrumb\",\"itemListElement\":[{\"@type\":\"ListItem\",\"position\":1,\"name\":\"Start\",\"item\":\"https:\\\/\\\/mabp.de\\\/en\\\/\"},{\"@type\":\"ListItem\",\"position\":2,\"name\":\"Privacy policy\"}]},{\"@type\":\"WebSite\",\"@id\":\"https:\\\/\\\/mabp.de\\\/#website\",\"url\":\"https:\\\/\\\/mabp.de\\\/\",\"name\":\"MABP | Munich Airport Business Park\",\"description\":\"\",\"potentialAction\":[{\"@type\":\"SearchAction\",\"target\":{\"@type\":\"EntryPoint\",\"urlTemplate\":\"https:\\\/\\\/mabp.de\\\/?s={search_term_string}\"},\"query-input\":{\"@type\":\"PropertyValueSpecification\",\"valueRequired\":true,\"valueName\":\"search_term_string\"}}],\"inLanguage\":\"en-US\"}]}<\/script>\n<!-- \/ Yoast SEO plugin. -->","yoast_head_json":{"title":"Privacy policy - MABP | Munich Airport Business Park","robots":{"index":"index","follow":"follow","max-snippet":"max-snippet:-1","max-image-preview":"max-image-preview:large","max-video-preview":"max-video-preview:-1"},"canonical":"https:\/\/mabp.de\/datenschutzerklaerung\/","og_locale":"en_US","og_type":"article","og_title":"Privacy policy - MABP | Munich Airport Business Park","og_description":"&#13; Privacy policy \/ information according to Art. 13 GDPR &#13; Wir freuen uns \u00fcber Ihr Interesse an unserer Webseite. Der Schutz Ihrer Privatsph\u00e4re ist f\u00fcr uns sehr wichtig. Nachstehend informieren wir Sie ausf\u00fchrlich \u00fcber den Umgang mit Ihren Daten. (Stand: 22. Mai 2018) Information \u00fcber die Erhebung personenbezogener Daten:Im Folgenden informieren wir \u00fcber die...","og_url":"https:\/\/mabp.de\/datenschutzerklaerung\/","og_site_name":"MABP | Munich Airport Business Park","article_modified_time":"2026-02-23T17:48:11+00:00","twitter_card":"summary_large_image","twitter_misc":{"Est. reading time":"9 minutes"},"schema":{"@context":"https:\/\/schema.org","@graph":[{"@type":"WebPage","@id":"https:\/\/mabp.de\/datenschutzerklaerung\/","url":"https:\/\/mabp.de\/datenschutzerklaerung\/","name":"Privacy policy - MABP | Munich Airport Business Park","isPartOf":{"@id":"https:\/\/mabp.de\/#website"},"datePublished":"2025-06-12T07:50:55+00:00","dateModified":"2026-02-23T17:48:11+00:00","breadcrumb":{"@id":"https:\/\/mabp.de\/datenschutzerklaerung\/#breadcrumb"},"inLanguage":"en-US","potentialAction":[{"@type":"ReadAction","target":["https:\/\/mabp.de\/datenschutzerklaerung\/"]}]},{"@type":"BreadcrumbList","@id":"https:\/\/mabp.de\/datenschutzerklaerung\/#breadcrumb","itemListElement":[{"@type":"ListItem","position":1,"name":"Start","item":"https:\/\/mabp.de\/en\/"},{"@type":"ListItem","position":2,"name":"Privacy policy"}]},{"@type":"WebSite","@id":"https:\/\/mabp.de\/#website","url":"https:\/\/mabp.de\/","name":"MABP | Munich Airport Business Park","description":"","potentialAction":[{"@type":"SearchAction","target":{"@type":"EntryPoint","urlTemplate":"https:\/\/mabp.de\/?s={search_term_string}"},"query-input":{"@type":"PropertyValueSpecification","valueRequired":true,"valueName":"search_term_string"}}],"inLanguage":"en-US"}]}},"_links":{"self":[{"href":"https:\/\/mabp.de\/en\/wp-json\/wp\/v2\/pages\/2665","targetHints":{"allow":["GET"]}}],"collection":[{"href":"https:\/\/mabp.de\/en\/wp-json\/wp\/v2\/pages"}],"about":[{"href":"https:\/\/mabp.de\/en\/wp-json\/wp\/v2\/types\/page"}],"author":[{"embeddable":true,"href":"https:\/\/mabp.de\/en\/wp-json\/wp\/v2\/users\/1"}],"replies":[{"embeddable":true,"href":"https:\/\/mabp.de\/en\/wp-json\/wp\/v2\/comments?post=2665"}],"version-history":[{"count":0,"href":"https:\/\/mabp.de\/en\/wp-json\/wp\/v2\/pages\/2665\/revisions"}],"wp:attachment":[{"href":"https:\/\/mabp.de\/en\/wp-json\/wp\/v2\/media?parent=2665"}],"curies":[{"name":"wp","href":"https:\/\/api.w.org\/{rel}","templated":true}]}}